{"id":2993,"date":"2017-12-09T14:42:31","date_gmt":"2017-12-09T13:42:31","guid":{"rendered":"http:\/\/neu.klassiker-sportwagen.de\/?page_id=2993"},"modified":"2024-11-12T16:51:55","modified_gmt":"2024-11-12T15:51:55","slug":"traumauto","status":"publish","type":"page","link":"http:\/\/klassiker-sportwagen.de\/?page_id=2993","title":{"rendered":"Traumauto"},"content":{"rendered":"<h1><span style=\"color: #99cc00;\">Ziel vom Traumauto \/ Kommissionsauftr\u00e4ge<\/span><\/h1>\n<ul>\n<li><span style=\"color: #008000;\">Sie haben vor, Ihren geliebten Klassiker\/Sportwagen zu verkaufen.<\/span><\/li>\n<li><span style=\"color: #008000;\">Sie sind auf der Suche nach einem Oldtimer\/Sportwagen.<\/span><\/li>\n<li><span style=\"color: #008000;\">Sie sind Sammler und m\u00f6chten ohne Stress verkaufen.<\/span><\/li>\n<li><span style=\"color: #008000;\">Nutzen Sie unsere langj\u00e4hrige Erfahrung, wir haben Zeit und k\u00fcmmern uns um alles.<\/span><\/li>\n<li><span style=\"color: #008000;\">Einen Oldtimer\/Sportwagen kauft man nicht wegen der erwartenden Wertsteigerung, man kauft wegen des Fahrvergn\u00fcgens.<\/span><\/li>\n<li><span style=\"color: #008000;\">Worauf wollen Sie warten, Sie werden auch jeden Tag \u00e4lter.<\/span><\/li>\n<\/ul>\n<p>&nbsp;<\/p>\n<h1><a href=\"http:\/\/alt.klassiker-sportwagen.de\" target=\"_blank\" rel=\"noopener noreferrer\"><span style=\"color: #0000ff;\">Unsere alte Homepage von 2008 bis 2017 finden Sie hier<\/span><\/a><\/h1>\n<p><strong><span style=\"color: #ff0000;\">Nach dem Ma\u00df Ihrer Anspr\u00fcche &#8230;<\/span><\/strong><\/p>\n<p>&nbsp;<\/p>\n<p><a href=\"http:\/\/klassiker-sportwagen.de\/wp-content\/uploads\/2020\/08\/DSC00658-1.jpg\"><img loading=\"lazy\" decoding=\"async\" class=\"alignnone size-medium wp-image-4345\" src=\"http:\/\/klassiker-sportwagen.de\/wp-content\/uploads\/2020\/08\/DSC00658-1-300x225.jpg\" alt=\"\" width=\"300\" height=\"225\" srcset=\"http:\/\/klassiker-sportwagen.de\/wp-content\/uploads\/2020\/08\/DSC00658-1-300x225.jpg 300w, http:\/\/klassiker-sportwagen.de\/wp-content\/uploads\/2020\/08\/DSC00658-1-768x576.jpg 768w, http:\/\/klassiker-sportwagen.de\/wp-content\/uploads\/2020\/08\/DSC00658-1.jpg 1024w\" sizes=\"auto, (max-width: 300px) 100vw, 300px\" \/><\/a> <a href=\"http:\/\/klassiker-sportwagen.de\/wp-content\/uploads\/2020\/08\/DSC07831-Mittel-1.jpg\"><img loading=\"lazy\" decoding=\"async\" class=\"alignnone size-medium wp-image-4346\" src=\"http:\/\/klassiker-sportwagen.de\/wp-content\/uploads\/2020\/08\/DSC07831-Mittel-1-300x225.jpg\" alt=\"\" width=\"300\" height=\"225\" srcset=\"http:\/\/klassiker-sportwagen.de\/wp-content\/uploads\/2020\/08\/DSC07831-Mittel-1-300x225.jpg 300w, http:\/\/klassiker-sportwagen.de\/wp-content\/uploads\/2020\/08\/DSC07831-Mittel-1-768x576.jpg 768w, http:\/\/klassiker-sportwagen.de\/wp-content\/uploads\/2020\/08\/DSC07831-Mittel-1.jpg 1024w\" sizes=\"auto, (max-width: 300px) 100vw, 300px\" \/><\/a><a href=\"http:\/\/klassiker-sportwagen.de\/wp-content\/uploads\/2020\/08\/DSC08378.jpg\"> <img loading=\"lazy\" decoding=\"async\" class=\"alignnone size-medium wp-image-4357\" src=\"http:\/\/klassiker-sportwagen.de\/wp-content\/uploads\/2020\/08\/DSC08378-300x225.jpg\" alt=\"\" width=\"300\" height=\"225\" srcset=\"http:\/\/klassiker-sportwagen.de\/wp-content\/uploads\/2020\/08\/DSC08378-300x225.jpg 300w, http:\/\/klassiker-sportwagen.de\/wp-content\/uploads\/2020\/08\/DSC08378.jpg 640w\" sizes=\"auto, (max-width: 300px) 100vw, 300px\" \/><\/a><\/p>\n<p><a href=\"http:\/\/klassiker-sportwagen.de\/wp-content\/uploads\/2020\/08\/DSC09705-1.jpg\"><img loading=\"lazy\" decoding=\"async\" class=\"alignnone size-medium wp-image-4347\" src=\"http:\/\/klassiker-sportwagen.de\/wp-content\/uploads\/2020\/08\/DSC09705-1-300x225.jpg\" alt=\"\" width=\"300\" height=\"225\" srcset=\"http:\/\/klassiker-sportwagen.de\/wp-content\/uploads\/2020\/08\/DSC09705-1-300x225.jpg 300w, http:\/\/klassiker-sportwagen.de\/wp-content\/uploads\/2020\/08\/DSC09705-1-768x576.jpg 768w, http:\/\/klassiker-sportwagen.de\/wp-content\/uploads\/2020\/08\/DSC09705-1.jpg 1024w\" sizes=\"auto, (max-width: 300px) 100vw, 300px\" \/><\/a> <a href=\"http:\/\/klassiker-sportwagen.de\/wp-content\/uploads\/2020\/08\/DSC09767-1.jpg\"><img loading=\"lazy\" decoding=\"async\" class=\"alignnone size-medium wp-image-4348\" src=\"http:\/\/klassiker-sportwagen.de\/wp-content\/uploads\/2020\/08\/DSC09767-1-300x225.jpg\" alt=\"\" width=\"300\" height=\"225\" srcset=\"http:\/\/klassiker-sportwagen.de\/wp-content\/uploads\/2020\/08\/DSC09767-1-300x225.jpg 300w, http:\/\/klassiker-sportwagen.de\/wp-content\/uploads\/2020\/08\/DSC09767-1-768x576.jpg 768w, http:\/\/klassiker-sportwagen.de\/wp-content\/uploads\/2020\/08\/DSC09767-1.jpg 1024w\" sizes=\"auto, (max-width: 300px) 100vw, 300px\" \/><\/a><a href=\"http:\/\/klassiker-sportwagen.de\/wp-content\/uploads\/2020\/08\/DSC03502.jpg\"> <img loading=\"lazy\" decoding=\"async\" class=\"alignnone size-medium wp-image-4354\" src=\"http:\/\/klassiker-sportwagen.de\/wp-content\/uploads\/2020\/08\/DSC03502-300x225.jpg\" alt=\"\" width=\"300\" height=\"225\" srcset=\"http:\/\/klassiker-sportwagen.de\/wp-content\/uploads\/2020\/08\/DSC03502-300x225.jpg 300w, http:\/\/klassiker-sportwagen.de\/wp-content\/uploads\/2020\/08\/DSC03502-1024x768.jpg 1024w, http:\/\/klassiker-sportwagen.de\/wp-content\/uploads\/2020\/08\/DSC03502-768x576.jpg 768w, http:\/\/klassiker-sportwagen.de\/wp-content\/uploads\/2020\/08\/DSC03502-1536x1152.jpg 1536w, http:\/\/klassiker-sportwagen.de\/wp-content\/uploads\/2020\/08\/DSC03502.jpg 2048w\" sizes=\"auto, (max-width: 300px) 100vw, 300px\" \/><\/a><\/p>\n<p><a href=\"http:\/\/klassiker-sportwagen.de\/wp-content\/uploads\/2020\/08\/DSC02949.jpg\"><img loading=\"lazy\" decoding=\"async\" class=\"alignnone size-medium wp-image-4353\" src=\"http:\/\/klassiker-sportwagen.de\/wp-content\/uploads\/2020\/08\/DSC02949-300x225.jpg\" alt=\"\" width=\"300\" height=\"225\" srcset=\"http:\/\/klassiker-sportwagen.de\/wp-content\/uploads\/2020\/08\/DSC02949-300x225.jpg 300w, http:\/\/klassiker-sportwagen.de\/wp-content\/uploads\/2020\/08\/DSC02949-1024x768.jpg 1024w, http:\/\/klassiker-sportwagen.de\/wp-content\/uploads\/2020\/08\/DSC02949-768x576.jpg 768w, http:\/\/klassiker-sportwagen.de\/wp-content\/uploads\/2020\/08\/DSC02949-1536x1152.jpg 1536w, http:\/\/klassiker-sportwagen.de\/wp-content\/uploads\/2020\/08\/DSC02949.jpg 2048w\" sizes=\"auto, (max-width: 300px) 100vw, 300px\" \/><\/a> <a href=\"http:\/\/klassiker-sportwagen.de\/wp-content\/uploads\/2020\/08\/DSC03707.jpg\"><img loading=\"lazy\" decoding=\"async\" class=\"alignnone size-medium wp-image-4355\" src=\"http:\/\/klassiker-sportwagen.de\/wp-content\/uploads\/2020\/08\/DSC03707-300x225.jpg\" alt=\"\" width=\"300\" height=\"225\" srcset=\"http:\/\/klassiker-sportwagen.de\/wp-content\/uploads\/2020\/08\/DSC03707-300x225.jpg 300w, http:\/\/klassiker-sportwagen.de\/wp-content\/uploads\/2020\/08\/DSC03707-1024x768.jpg 1024w, http:\/\/klassiker-sportwagen.de\/wp-content\/uploads\/2020\/08\/DSC03707-768x576.jpg 768w, http:\/\/klassiker-sportwagen.de\/wp-content\/uploads\/2020\/08\/DSC03707-1536x1152.jpg 1536w, http:\/\/klassiker-sportwagen.de\/wp-content\/uploads\/2020\/08\/DSC03707.jpg 2048w\" sizes=\"auto, (max-width: 300px) 100vw, 300px\" \/><\/a> <a href=\"http:\/\/klassiker-sportwagen.de\/wp-content\/uploads\/2020\/08\/DSC05999.jpg\"><img loading=\"lazy\" decoding=\"async\" class=\"alignnone size-medium wp-image-4356\" src=\"http:\/\/klassiker-sportwagen.de\/wp-content\/uploads\/2020\/08\/DSC05999-300x225.jpg\" alt=\"\" width=\"300\" height=\"225\" srcset=\"http:\/\/klassiker-sportwagen.de\/wp-content\/uploads\/2020\/08\/DSC05999-300x225.jpg 300w, http:\/\/klassiker-sportwagen.de\/wp-content\/uploads\/2020\/08\/DSC05999.jpg 640w\" sizes=\"auto, (max-width: 300px) 100vw, 300px\" \/><\/a><\/p>\n<p><a href=\"http:\/\/klassiker-sportwagen.de\/wp-content\/uploads\/2020\/08\/IMG_2980.jpg\"><img loading=\"lazy\" decoding=\"async\" class=\"alignnone size-medium wp-image-4358\" src=\"http:\/\/klassiker-sportwagen.de\/wp-content\/uploads\/2020\/08\/IMG_2980-300x200.jpg\" alt=\"\" width=\"300\" height=\"200\" srcset=\"http:\/\/klassiker-sportwagen.de\/wp-content\/uploads\/2020\/08\/IMG_2980-300x200.jpg 300w, http:\/\/klassiker-sportwagen.de\/wp-content\/uploads\/2020\/08\/IMG_2980-1024x683.jpg 1024w, http:\/\/klassiker-sportwagen.de\/wp-content\/uploads\/2020\/08\/IMG_2980-768x512.jpg 768w, http:\/\/klassiker-sportwagen.de\/wp-content\/uploads\/2020\/08\/IMG_2980-1536x1024.jpg 1536w, http:\/\/klassiker-sportwagen.de\/wp-content\/uploads\/2020\/08\/IMG_2980.jpg 1728w\" sizes=\"auto, (max-width: 300px) 100vw, 300px\" \/><\/a><a href=\"http:\/\/klassiker-sportwagen.de\/wp-content\/uploads\/2024\/08\/DSC04218-Mittel.jpg\"><img loading=\"lazy\" decoding=\"async\" class=\"alignnone size-medium wp-image-4997\" src=\"http:\/\/klassiker-sportwagen.de\/wp-content\/uploads\/2024\/08\/DSC04218-Mittel-300x225.jpg\" alt=\"\" width=\"300\" height=\"225\" srcset=\"http:\/\/klassiker-sportwagen.de\/wp-content\/uploads\/2024\/08\/DSC04218-Mittel-300x225.jpg 300w, http:\/\/klassiker-sportwagen.de\/wp-content\/uploads\/2024\/08\/DSC04218-Mittel-768x576.jpg 768w, http:\/\/klassiker-sportwagen.de\/wp-content\/uploads\/2024\/08\/DSC04218-Mittel.jpg 1024w\" sizes=\"auto, (max-width: 300px) 100vw, 300px\" \/><\/a><a href=\"http:\/\/klassiker-sportwagen.de\/wp-content\/uploads\/2024\/08\/IMG_6509-scaled.jpg\"><img loading=\"lazy\" decoding=\"async\" class=\"alignnone size-medium wp-image-5000\" src=\"http:\/\/klassiker-sportwagen.de\/wp-content\/uploads\/2024\/08\/IMG_6509-300x225.jpg\" alt=\"\" width=\"300\" height=\"225\" srcset=\"http:\/\/klassiker-sportwagen.de\/wp-content\/uploads\/2024\/08\/IMG_6509-300x225.jpg 300w, http:\/\/klassiker-sportwagen.de\/wp-content\/uploads\/2024\/08\/IMG_6509-1024x768.jpg 1024w, http:\/\/klassiker-sportwagen.de\/wp-content\/uploads\/2024\/08\/IMG_6509-768x576.jpg 768w, http:\/\/klassiker-sportwagen.de\/wp-content\/uploads\/2024\/08\/IMG_6509-1536x1152.jpg 1536w, http:\/\/klassiker-sportwagen.de\/wp-content\/uploads\/2024\/08\/IMG_6509-2048x1537.jpg 2048w\" sizes=\"auto, (max-width: 300px) 100vw, 300px\" \/><\/a><\/p>\n<p>Verkauf von Ihrem Fahrzeug auf Kommission, gerne lt. Ihren Vorgaben, zum Festpreis.<br \/>\nAnkauf von Ihrem Fahrzeug zum \u201eehrlichen\u201c korrekten Ankaufspreis<br \/>\nSie suchen Ihr Traumauto<br \/>\nIch kenne den Markt bestens und habe Verhandlungsgeschick. Vieles ist mit Geduld machbar<br \/>\nSprechen Sie uns an, gerne beraten wir Sie fachkundig mit gro\u00dfem Ehrgeiz.<br \/>\nJa Freude an der Arbeit ist eine wichtige Voraussetzung f\u00fcr Gutes gelingen.<br \/>\nErstkontakt am liebsten \u00fcber 0170 41 30 868.<br \/>\nWenn ich nicht sofort erreichbar bin liege ich oftmals unter einer alten Karre<br \/>\nIch rufe Sie dann gerne zur\u00fcck.<br \/>\nKlein und fein, das meiste mache ich am liebsten selbst.<br \/>\nBeratung, Verkauf auch im Blaumann.<br \/>\nJetzt bitte weiter lesen, dann haben Sie einen Eindruck worauf es ankommt.<br \/>\nAch noch zum Schluss, mein Berufsbild ist nicht Autoh\u00e4ndler sondern Hobbyist der gern aus Spa\u00df und Freude bei der Arbeit ist<\/p>\n<p>Einen Oldtimer oder Sportwagen zu verkaufen, ist gar nicht so einfach.<br \/>\nWer einen Oldtimer oder Sportwagen kaufen m\u00f6chte, muss vieles beachten.<br \/>\nDer Markt hat sich in den Jahren Ende 2018 und 2019 stark ver\u00e4ndert.<br \/>\nWer den Unsinn glaubt, dass Oldtimer oder Sportwagen immer im Preis steigen der irrt gewaltig.<br \/>\nIch besch\u00e4ftige mich seit 1988 mit dem Preis-Zyklus f\u00fcr Oldtimer \/ Sportwagen<br \/>\nDa war schon immer gro\u00dfe Bewegung.<br \/>\nAuch bei sehr bekannten Auktionen sind zurzeit oftmals die Sch\u00e4tzpreise (Estimate)<br \/>\nzu hoch und f\u00fchren vermehrt zu unverkauften Fahrzeugen.<br \/>\nFahrzeuge ohne Minderpreis (no-reserve), werden aber immer noch gut verkauft.<br \/>\nModellreihen in geringer Auflage, Sonderserien wie z.B. Porsche Jubi Modell im guten bis sehr guten Zustand haben schon immer Ihre Liebhaber und verkaufen sich gut, bleiben im Wert stabil.<br \/>\nDie Zeiten in denen alles verkauft wird, sind vorbei.<br \/>\nOldtimer Kauf und Verkauf sollte soweit wo m\u00f6glich auf ehrlicher Grundlage erfolgen.<br \/>\nWer selber seinen Oldtimer\/Sportwagen verkaufen m\u00f6chte, ben\u00f6tigt;<\/p>\n<p>Ein dickes Fell<br \/>\nSehr viel Zeit<br \/>\nTelefondienst am besten 24 Std., auch am Wochenende<br \/>\nSehr flexible Besichtigungstermine<br \/>\nGeeignete R\u00e4ume, am besten mit Hebeb\u00fchne<br \/>\n(Ich kaufe nur Fahrzeuge die ich auch von unten gesehen habe)<br \/>\nVerhandlungsgeschick mit guten Nerven und sehr vieles mehr.<br \/>\nSehr wichtig, man muss die Probefahrttouristen erkennen und ausschlie\u00dfen<br \/>\nAlso haben sie Lust auf null Echo, Zeitstehler die am Telefon nerven,<br \/>\nSchlaue die auf der Jagd nach Schn\u00e4ppchen sind.<br \/>\nBesserwisser die Lesegesch\u00e4digt sind aber nichts verstanden haben<br \/>\nUnseri\u00f6se Tauschangebote.<br \/>\nInteressenten die in Ihrem Haus-Garage auf dem Grundst\u00fcck rumlaufen und alles sehen was Sie nicht sollten. Das braucht doch kein Mensch.<\/p>\n<p>Was kann ich denn schon, was Sie nicht selber k\u00f6nnen, wei\u00df ich doch nicht.<br \/>\nDas m\u00fcssen sie selbst entscheiden.<br \/>\nAnzeigen in den zahllosen Marktpl\u00e4tzen einstellen kann doch jeder.<br \/>\nVerstanden, dann weiter lesen<br \/>\nKommissionsgesch\u00e4fte<br \/>\nWenn sie Ihren Oldtimer\/Sportwagen\/Exoten<br \/>\nVerkaufen m\u00f6chten, rufen Sie an 0170 41 30 868 B\u00fcro 02635 \/ 922300<br \/>\nIch k\u00fcmmre mich um alles<br \/>\nBevor wir Ihr Fahrzeug anbieten gehen wir alle Details mit Ihnen durch.<br \/>\nDer Verkaufsprei wird im Vermittlungsvertrag festgelegt, alles andere wie z.B. Aufbereitung, Gutachten von Classic Data, neue HU \u2013 AU und vieles mehr besprechen wir gemeinsam in Ruhe in Bad H\u00f6nnigen<br \/>\nSelbstverst\u00e4ndlich erfolgt die Wertermittlung mit Einsatz einer Hebeb\u00fchne usw.<br \/>\nSeit 2008 habe ich hunderte von Fahrzeugen verkauft.<br \/>\nMein Grundsatz Ehrlichkeit zahlt sich aus.<br \/>\nVerkaufe auch Schrott man muss es dem K\u00e4ufer nur sagen.<br \/>\nJa habe mein Hobby zum Beruf gemacht.<br \/>\nIhr Willi Burger mit vielen Gr\u00fc\u00dfen aus Bad H\u00f6nningen<\/p>\n","protected":false},"excerpt":{"rendered":"<p>Ziel vom Traumauto \/ Kommissionsauftr\u00e4ge Sie haben vor, Ihren geliebten Klassiker\/Sportwagen zu verkaufen. Sie sind auf der Suche nach einem Oldtimer\/Sportwagen. Sie sind Sammler und m\u00f6chten ohne Stress verkaufen. Nutzen Sie unsere langj\u00e4hrige Erfahrung, wir haben Zeit und k\u00fcmmern uns um alles. Einen Oldtimer\/Sportwagen kauft man nicht wegen der erwartenden Wertsteigerung, man kauft wegen des Fahrvergn\u00fcgens. Worauf wollen Sie warten, Sie werden auch jeden Tag \u00e4lter. &nbsp; Unsere alte Homepage von 2008 bis 2017 finden Sie hier Nach dem Ma\u00df Ihrer Anspr\u00fcche &#8230; &nbsp; Verkauf von Ihrem Fahrzeug auf Kommission, gerne lt. Ihren Vorgaben, zum Festpreis. Ankauf von Ihrem Fahrzeug zum \u201eehrlichen\u201c korrekten Ankaufspreis Sie suchen Ihr Traumauto Ich kenne den Markt bestens und habe Verhandlungsgeschick. Vieles ist mit Geduld machbar Sprechen Sie uns an, gerne beraten wir Sie fachkundig mit gro\u00dfem Ehrgeiz. Ja Freude an der Arbeit ist eine wichtige Voraussetzung f\u00fcr Gutes&#8230;<\/p>\n","protected":false},"author":1,"featured_media":0,"parent":0,"menu_order":0,"comment_status":"closed","ping_status":"closed","template":"","meta":{"ngg_post_thumbnail":0,"footnotes":""},"class_list":["post-2993","page","type-page","status-publish","hentry"],"yoast_head":"<!-- This site is optimized with the Yoast SEO plugin v26.8 - https:\/\/yoast.com\/product\/yoast-seo-wordpress\/ -->\n<title>Traumauto - KS Klassiker-Sportwagen<\/title>\n<meta name=\"robots\" content=\"index, follow, max-snippet:-1, max-image-preview:large, max-video-preview:-1\" \/>\n<link rel=\"canonical\" href=\"https:\/\/klassiker-sportwagen.de\/?page_id=2993\" \/>\n<meta property=\"og:locale\" content=\"de_DE\" \/>\n<meta property=\"og:type\" content=\"article\" \/>\n<meta property=\"og:title\" content=\"Traumauto - KS Klassiker-Sportwagen\" \/>\n<meta property=\"og:description\" content=\"Ziel vom Traumauto \/ Kommissionsauftr\u00e4ge Sie haben vor, Ihren geliebten Klassiker\/Sportwagen zu verkaufen. Sie sind auf der Suche nach einem Oldtimer\/Sportwagen. Sie sind Sammler und m\u00f6chten ohne Stress verkaufen. Nutzen Sie unsere langj\u00e4hrige Erfahrung, wir haben Zeit und k\u00fcmmern uns um alles. Einen Oldtimer\/Sportwagen kauft man nicht wegen der erwartenden Wertsteigerung, man kauft wegen des Fahrvergn\u00fcgens. Worauf wollen Sie warten, Sie werden auch jeden Tag \u00e4lter. &nbsp; Unsere alte Homepage von 2008 bis 2017 finden Sie hier Nach dem Ma\u00df Ihrer Anspr\u00fcche &#8230; &nbsp; Verkauf von Ihrem Fahrzeug auf Kommission, gerne lt. Ihren Vorgaben, zum Festpreis. Ankauf von Ihrem Fahrzeug zum \u201eehrlichen\u201c korrekten Ankaufspreis Sie suchen Ihr Traumauto Ich kenne den Markt bestens und habe Verhandlungsgeschick. Vieles ist mit Geduld machbar Sprechen Sie uns an, gerne beraten wir Sie fachkundig mit gro\u00dfem Ehrgeiz. Ja Freude an der Arbeit ist eine wichtige Voraussetzung f\u00fcr Gutes...\" \/>\n<meta property=\"og:url\" content=\"https:\/\/klassiker-sportwagen.de\/?page_id=2993\" \/>\n<meta property=\"og:site_name\" content=\"KS Klassiker-Sportwagen\" \/>\n<meta property=\"article:modified_time\" content=\"2024-11-12T15:51:55+00:00\" \/>\n<meta property=\"og:image\" content=\"http:\/\/klassiker-sportwagen.de\/wp-content\/uploads\/2020\/08\/DSC00658-1-300x225.jpg\" \/>\n<meta name=\"twitter:card\" content=\"summary_large_image\" \/>\n<meta name=\"twitter:label1\" content=\"Gesch\u00e4tzte Lesezeit\" \/>\n\t<meta name=\"twitter:data1\" content=\"6\u00a0Minuten\" \/>\n<script type=\"application\/ld+json\" class=\"yoast-schema-graph\">{\"@context\":\"https:\/\/schema.org\",\"@graph\":[{\"@type\":\"WebPage\",\"@id\":\"https:\/\/klassiker-sportwagen.de\/?page_id=2993\",\"url\":\"https:\/\/klassiker-sportwagen.de\/?page_id=2993\",\"name\":\"Traumauto - KS Klassiker-Sportwagen\",\"isPartOf\":{\"@id\":\"http:\/\/klassiker-sportwagen.de\/#website\"},\"primaryImageOfPage\":{\"@id\":\"https:\/\/klassiker-sportwagen.de\/?page_id=2993#primaryimage\"},\"image\":{\"@id\":\"https:\/\/klassiker-sportwagen.de\/?page_id=2993#primaryimage\"},\"thumbnailUrl\":\"http:\/\/klassiker-sportwagen.de\/wp-content\/uploads\/2020\/08\/DSC00658-1-300x225.jpg\",\"datePublished\":\"2017-12-09T13:42:31+00:00\",\"dateModified\":\"2024-11-12T15:51:55+00:00\",\"breadcrumb\":{\"@id\":\"https:\/\/klassiker-sportwagen.de\/?page_id=2993#breadcrumb\"},\"inLanguage\":\"de\",\"potentialAction\":[{\"@type\":\"ReadAction\",\"target\":[\"https:\/\/klassiker-sportwagen.de\/?page_id=2993\"]}]},{\"@type\":\"ImageObject\",\"inLanguage\":\"de\",\"@id\":\"https:\/\/klassiker-sportwagen.de\/?page_id=2993#primaryimage\",\"url\":\"http:\/\/klassiker-sportwagen.de\/wp-content\/uploads\/2020\/08\/DSC00658-1-300x225.jpg\",\"contentUrl\":\"http:\/\/klassiker-sportwagen.de\/wp-content\/uploads\/2020\/08\/DSC00658-1-300x225.jpg\"},{\"@type\":\"BreadcrumbList\",\"@id\":\"https:\/\/klassiker-sportwagen.de\/?page_id=2993#breadcrumb\",\"itemListElement\":[{\"@type\":\"ListItem\",\"position\":1,\"name\":\"Startseite\",\"item\":\"http:\/\/klassiker-sportwagen.de\/\"},{\"@type\":\"ListItem\",\"position\":2,\"name\":\"Traumauto\"}]},{\"@type\":\"WebSite\",\"@id\":\"http:\/\/klassiker-sportwagen.de\/#website\",\"url\":\"http:\/\/klassiker-sportwagen.de\/\",\"name\":\"KS Klassiker-Sportwagen\",\"description\":\"Klassiker Sportwagen Bad H\u00f6nningen\",\"publisher\":{\"@id\":\"http:\/\/klassiker-sportwagen.de\/#organization\"},\"potentialAction\":[{\"@type\":\"SearchAction\",\"target\":{\"@type\":\"EntryPoint\",\"urlTemplate\":\"http:\/\/klassiker-sportwagen.de\/?s={search_term_string}\"},\"query-input\":{\"@type\":\"PropertyValueSpecification\",\"valueRequired\":true,\"valueName\":\"search_term_string\"}}],\"inLanguage\":\"de\"},{\"@type\":\"Organization\",\"@id\":\"http:\/\/klassiker-sportwagen.de\/#organization\",\"name\":\"KS Klassiker Sportwagen\",\"url\":\"http:\/\/klassiker-sportwagen.de\/\",\"logo\":{\"@type\":\"ImageObject\",\"inLanguage\":\"de\",\"@id\":\"http:\/\/klassiker-sportwagen.de\/#\/schema\/logo\/image\/\",\"url\":\"http:\/\/klassiker-sportwagen.de\/wp-content\/uploads\/2013\/05\/Logo-2.png\",\"contentUrl\":\"http:\/\/klassiker-sportwagen.de\/wp-content\/uploads\/2013\/05\/Logo-2.png\",\"width\":854,\"height\":289,\"caption\":\"KS Klassiker Sportwagen\"},\"image\":{\"@id\":\"http:\/\/klassiker-sportwagen.de\/#\/schema\/logo\/image\/\"}}]}<\/script>\n<!-- \/ Yoast SEO plugin. -->","yoast_head_json":{"title":"Traumauto - KS Klassiker-Sportwagen","robots":{"index":"index","follow":"follow","max-snippet":"max-snippet:-1","max-image-preview":"max-image-preview:large","max-video-preview":"max-video-preview:-1"},"canonical":"https:\/\/klassiker-sportwagen.de\/?page_id=2993","og_locale":"de_DE","og_type":"article","og_title":"Traumauto - KS Klassiker-Sportwagen","og_description":"Ziel vom Traumauto \/ Kommissionsauftr\u00e4ge Sie haben vor, Ihren geliebten Klassiker\/Sportwagen zu verkaufen. Sie sind auf der Suche nach einem Oldtimer\/Sportwagen. Sie sind Sammler und m\u00f6chten ohne Stress verkaufen. Nutzen Sie unsere langj\u00e4hrige Erfahrung, wir haben Zeit und k\u00fcmmern uns um alles. Einen Oldtimer\/Sportwagen kauft man nicht wegen der erwartenden Wertsteigerung, man kauft wegen des Fahrvergn\u00fcgens. Worauf wollen Sie warten, Sie werden auch jeden Tag \u00e4lter. &nbsp; Unsere alte Homepage von 2008 bis 2017 finden Sie hier Nach dem Ma\u00df Ihrer Anspr\u00fcche &#8230; &nbsp; Verkauf von Ihrem Fahrzeug auf Kommission, gerne lt. Ihren Vorgaben, zum Festpreis. Ankauf von Ihrem Fahrzeug zum \u201eehrlichen\u201c korrekten Ankaufspreis Sie suchen Ihr Traumauto Ich kenne den Markt bestens und habe Verhandlungsgeschick. Vieles ist mit Geduld machbar Sprechen Sie uns an, gerne beraten wir Sie fachkundig mit gro\u00dfem Ehrgeiz. Ja Freude an der Arbeit ist eine wichtige Voraussetzung f\u00fcr Gutes...","og_url":"https:\/\/klassiker-sportwagen.de\/?page_id=2993","og_site_name":"KS Klassiker-Sportwagen","article_modified_time":"2024-11-12T15:51:55+00:00","og_image":[{"url":"http:\/\/klassiker-sportwagen.de\/wp-content\/uploads\/2020\/08\/DSC00658-1-300x225.jpg","type":"","width":"","height":""}],"twitter_card":"summary_large_image","twitter_misc":{"Gesch\u00e4tzte Lesezeit":"6\u00a0Minuten"},"schema":{"@context":"https:\/\/schema.org","@graph":[{"@type":"WebPage","@id":"https:\/\/klassiker-sportwagen.de\/?page_id=2993","url":"https:\/\/klassiker-sportwagen.de\/?page_id=2993","name":"Traumauto - KS Klassiker-Sportwagen","isPartOf":{"@id":"http:\/\/klassiker-sportwagen.de\/#website"},"primaryImageOfPage":{"@id":"https:\/\/klassiker-sportwagen.de\/?page_id=2993#primaryimage"},"image":{"@id":"https:\/\/klassiker-sportwagen.de\/?page_id=2993#primaryimage"},"thumbnailUrl":"http:\/\/klassiker-sportwagen.de\/wp-content\/uploads\/2020\/08\/DSC00658-1-300x225.jpg","datePublished":"2017-12-09T13:42:31+00:00","dateModified":"2024-11-12T15:51:55+00:00","breadcrumb":{"@id":"https:\/\/klassiker-sportwagen.de\/?page_id=2993#breadcrumb"},"inLanguage":"de","potentialAction":[{"@type":"ReadAction","target":["https:\/\/klassiker-sportwagen.de\/?page_id=2993"]}]},{"@type":"ImageObject","inLanguage":"de","@id":"https:\/\/klassiker-sportwagen.de\/?page_id=2993#primaryimage","url":"http:\/\/klassiker-sportwagen.de\/wp-content\/uploads\/2020\/08\/DSC00658-1-300x225.jpg","contentUrl":"http:\/\/klassiker-sportwagen.de\/wp-content\/uploads\/2020\/08\/DSC00658-1-300x225.jpg"},{"@type":"BreadcrumbList","@id":"https:\/\/klassiker-sportwagen.de\/?page_id=2993#breadcrumb","itemListElement":[{"@type":"ListItem","position":1,"name":"Startseite","item":"http:\/\/klassiker-sportwagen.de\/"},{"@type":"ListItem","position":2,"name":"Traumauto"}]},{"@type":"WebSite","@id":"http:\/\/klassiker-sportwagen.de\/#website","url":"http:\/\/klassiker-sportwagen.de\/","name":"KS Klassiker-Sportwagen","description":"Klassiker Sportwagen Bad H\u00f6nningen","publisher":{"@id":"http:\/\/klassiker-sportwagen.de\/#organization"},"potentialAction":[{"@type":"SearchAction","target":{"@type":"EntryPoint","urlTemplate":"http:\/\/klassiker-sportwagen.de\/?s={search_term_string}"},"query-input":{"@type":"PropertyValueSpecification","valueRequired":true,"valueName":"search_term_string"}}],"inLanguage":"de"},{"@type":"Organization","@id":"http:\/\/klassiker-sportwagen.de\/#organization","name":"KS Klassiker Sportwagen","url":"http:\/\/klassiker-sportwagen.de\/","logo":{"@type":"ImageObject","inLanguage":"de","@id":"http:\/\/klassiker-sportwagen.de\/#\/schema\/logo\/image\/","url":"http:\/\/klassiker-sportwagen.de\/wp-content\/uploads\/2013\/05\/Logo-2.png","contentUrl":"http:\/\/klassiker-sportwagen.de\/wp-content\/uploads\/2013\/05\/Logo-2.png","width":854,"height":289,"caption":"KS Klassiker Sportwagen"},"image":{"@id":"http:\/\/klassiker-sportwagen.de\/#\/schema\/logo\/image\/"}}]}},"_links":{"self":[{"href":"http:\/\/klassiker-sportwagen.de\/index.php?rest_route=\/wp\/v2\/pages\/2993","targetHints":{"allow":["GET"]}}],"collection":[{"href":"http:\/\/klassiker-sportwagen.de\/index.php?rest_route=\/wp\/v2\/pages"}],"about":[{"href":"http:\/\/klassiker-sportwagen.de\/index.php?rest_route=\/wp\/v2\/types\/page"}],"author":[{"embeddable":true,"href":"http:\/\/klassiker-sportwagen.de\/index.php?rest_route=\/wp\/v2\/users\/1"}],"replies":[{"embeddable":true,"href":"http:\/\/klassiker-sportwagen.de\/index.php?rest_route=%2Fwp%2Fv2%2Fcomments&post=2993"}],"version-history":[{"count":28,"href":"http:\/\/klassiker-sportwagen.de\/index.php?rest_route=\/wp\/v2\/pages\/2993\/revisions"}],"predecessor-version":[{"id":5044,"href":"http:\/\/klassiker-sportwagen.de\/index.php?rest_route=\/wp\/v2\/pages\/2993\/revisions\/5044"}],"wp:attachment":[{"href":"http:\/\/klassiker-sportwagen.de\/index.php?rest_route=%2Fwp%2Fv2%2Fmedia&parent=2993"}],"curies":[{"name":"wp","href":"https:\/\/api.w.org\/{rel}","templated":true}]}}