{"id":352,"date":"2013-05-15T13:55:34","date_gmt":"2013-05-15T11:55:34","guid":{"rendered":"http:\/\/localhost\/whb\/?page_id=352"},"modified":"2025-07-18T14:01:22","modified_gmt":"2025-07-18T12:01:22","slug":"anfahrt","status":"publish","type":"page","link":"https:\/\/klassiker-sportwagen.de\/?page_id=352","title":{"rendered":"Anfahrt"},"content":{"rendered":"\r\n<div class=\"left_side contact-address\">\r\n<div class=\"name\"><strong>KS Klassiker-Sportwagen<\/strong><\/div>\r\n<div class=\"address\">Sprudelstr. 5b , 53557 Bad H\u00f6ningen<\/div>\r\n<div class=\"row mail\"><em>E-Mail:<\/em> <a style=\"outline: none;\" href=\"mailto:ks@klassiker-sportwagen.de\">ks@klassiker-sportwagen.de<\/a><\/div>\r\n<div class=\"row fax\">&nbsp;<\/div>\r\n<\/div>\r\n<div class=\"right_side\">\r\n<h3>Wie sie uns erreichen<\/h3>\r\nBad H\u00f6nningen liegt zwischen Bonn und Koblenz.\r\n\r\nAus Richtung Frankfurt erreichen Sie uns \u00fcber die A3. Aus Richtung Kaiserslautern \u00fcber die A61. Aus Richtung K\u00f6ln \u00fcber die Flughafenautobahn A59.\r\nUnser Betrieb ist einfach zu finden. N\u00e4he Aldi 50m entfernt.\r\n\r\nBitte ber\u00fccksichtigen Sie: Terminabsprache erforderlich.\r\n\r\n\u00dcber einen Besuch von Ihnen werden wir uns freuen.\r\n\r\n<\/div>\r\n","protected":false},"excerpt":{"rendered":"<p>KS Klassiker-Sportwagen Sprudelstr. 5b , 53557 Bad H\u00f6ningen E-Mail: ks@klassiker-sportwagen.de &nbsp; Wie sie uns erreichen Bad H\u00f6nningen liegt zwischen Bonn und Koblenz. Aus Richtung Frankfurt erreichen Sie uns \u00fcber die A3. Aus Richtung Kaiserslautern \u00fcber die A61. Aus Richtung K\u00f6ln \u00fcber die Flughafenautobahn A59. Unser Betrieb ist einfach zu finden. N\u00e4he Aldi 50m entfernt. Bitte ber\u00fccksichtigen Sie: Terminabsprache erforderlich. \u00dcber einen Besuch von Ihnen werden wir uns freuen.<\/p>\n","protected":false},"author":1,"featured_media":0,"parent":0,"menu_order":0,"comment_status":"closed","ping_status":"closed","template":"template-box.php","meta":{"ngg_post_thumbnail":0,"footnotes":""},"class_list":["post-352","page","type-page","status-publish","hentry"],"yoast_head":"<!-- This site is optimized with the Yoast SEO plugin v26.8 - https:\/\/yoast.com\/product\/yoast-seo-wordpress\/ -->\n<title>Anfahrt - KS Klassiker-Sportwagen<\/title>\n<meta name=\"robots\" content=\"index, follow, max-snippet:-1, max-image-preview:large, max-video-preview:-1\" \/>\n<link rel=\"canonical\" href=\"https:\/\/klassiker-sportwagen.de\/?page_id=352\" \/>\n<meta property=\"og:locale\" content=\"de_DE\" \/>\n<meta property=\"og:type\" content=\"article\" \/>\n<meta property=\"og:title\" content=\"Anfahrt - KS Klassiker-Sportwagen\" \/>\n<meta property=\"og:description\" content=\"KS Klassiker-Sportwagen Sprudelstr. 5b , 53557 Bad H\u00f6ningen E-Mail: ks@klassiker-sportwagen.de &nbsp; Wie sie uns erreichen Bad H\u00f6nningen liegt zwischen Bonn und Koblenz. Aus Richtung Frankfurt erreichen Sie uns \u00fcber die A3. Aus Richtung Kaiserslautern \u00fcber die A61. Aus Richtung K\u00f6ln \u00fcber die Flughafenautobahn A59. Unser Betrieb ist einfach zu finden. N\u00e4he Aldi 50m entfernt. Bitte ber\u00fccksichtigen Sie: Terminabsprache erforderlich. \u00dcber einen Besuch von Ihnen werden wir uns freuen.\" \/>\n<meta property=\"og:url\" content=\"https:\/\/klassiker-sportwagen.de\/?page_id=352\" \/>\n<meta property=\"og:site_name\" content=\"KS Klassiker-Sportwagen\" \/>\n<meta property=\"article:modified_time\" content=\"2025-07-18T12:01:22+00:00\" \/>\n<meta name=\"twitter:card\" content=\"summary_large_image\" \/>\n<meta name=\"twitter:label1\" content=\"Gesch\u00e4tzte Lesezeit\" \/>\n\t<meta name=\"twitter:data1\" content=\"1\u00a0Minute\" \/>\n<script type=\"application\/ld+json\" class=\"yoast-schema-graph\">{\"@context\":\"https:\/\/schema.org\",\"@graph\":[{\"@type\":\"WebPage\",\"@id\":\"https:\/\/klassiker-sportwagen.de\/?page_id=352\",\"url\":\"https:\/\/klassiker-sportwagen.de\/?page_id=352\",\"name\":\"Anfahrt - KS Klassiker-Sportwagen\",\"isPartOf\":{\"@id\":\"http:\/\/klassiker-sportwagen.de\/#website\"},\"datePublished\":\"2013-05-15T11:55:34+00:00\",\"dateModified\":\"2025-07-18T12:01:22+00:00\",\"breadcrumb\":{\"@id\":\"https:\/\/klassiker-sportwagen.de\/?page_id=352#breadcrumb\"},\"inLanguage\":\"de\",\"potentialAction\":[{\"@type\":\"ReadAction\",\"target\":[\"https:\/\/klassiker-sportwagen.de\/?page_id=352\"]}]},{\"@type\":\"BreadcrumbList\",\"@id\":\"https:\/\/klassiker-sportwagen.de\/?page_id=352#breadcrumb\",\"itemListElement\":[{\"@type\":\"ListItem\",\"position\":1,\"name\":\"Startseite\",\"item\":\"http:\/\/klassiker-sportwagen.de\/\"},{\"@type\":\"ListItem\",\"position\":2,\"name\":\"Anfahrt\"}]},{\"@type\":\"WebSite\",\"@id\":\"http:\/\/klassiker-sportwagen.de\/#website\",\"url\":\"http:\/\/klassiker-sportwagen.de\/\",\"name\":\"KS Klassiker-Sportwagen\",\"description\":\"Klassiker Sportwagen Bad H\u00f6nningen\",\"publisher\":{\"@id\":\"http:\/\/klassiker-sportwagen.de\/#organization\"},\"potentialAction\":[{\"@type\":\"SearchAction\",\"target\":{\"@type\":\"EntryPoint\",\"urlTemplate\":\"http:\/\/klassiker-sportwagen.de\/?s={search_term_string}\"},\"query-input\":{\"@type\":\"PropertyValueSpecification\",\"valueRequired\":true,\"valueName\":\"search_term_string\"}}],\"inLanguage\":\"de\"},{\"@type\":\"Organization\",\"@id\":\"http:\/\/klassiker-sportwagen.de\/#organization\",\"name\":\"KS Klassiker Sportwagen\",\"url\":\"http:\/\/klassiker-sportwagen.de\/\",\"logo\":{\"@type\":\"ImageObject\",\"inLanguage\":\"de\",\"@id\":\"http:\/\/klassiker-sportwagen.de\/#\/schema\/logo\/image\/\",\"url\":\"http:\/\/klassiker-sportwagen.de\/wp-content\/uploads\/2013\/05\/Logo-2.png\",\"contentUrl\":\"http:\/\/klassiker-sportwagen.de\/wp-content\/uploads\/2013\/05\/Logo-2.png\",\"width\":854,\"height\":289,\"caption\":\"KS Klassiker Sportwagen\"},\"image\":{\"@id\":\"http:\/\/klassiker-sportwagen.de\/#\/schema\/logo\/image\/\"}}]}<\/script>\n<!-- \/ Yoast SEO plugin. -->","yoast_head_json":{"title":"Anfahrt - KS Klassiker-Sportwagen","robots":{"index":"index","follow":"follow","max-snippet":"max-snippet:-1","max-image-preview":"max-image-preview:large","max-video-preview":"max-video-preview:-1"},"canonical":"https:\/\/klassiker-sportwagen.de\/?page_id=352","og_locale":"de_DE","og_type":"article","og_title":"Anfahrt - KS Klassiker-Sportwagen","og_description":"KS Klassiker-Sportwagen Sprudelstr. 5b , 53557 Bad H\u00f6ningen E-Mail: ks@klassiker-sportwagen.de &nbsp; Wie sie uns erreichen Bad H\u00f6nningen liegt zwischen Bonn und Koblenz. Aus Richtung Frankfurt erreichen Sie uns \u00fcber die A3. Aus Richtung Kaiserslautern \u00fcber die A61. Aus Richtung K\u00f6ln \u00fcber die Flughafenautobahn A59. Unser Betrieb ist einfach zu finden. N\u00e4he Aldi 50m entfernt. Bitte ber\u00fccksichtigen Sie: Terminabsprache erforderlich. \u00dcber einen Besuch von Ihnen werden wir uns freuen.","og_url":"https:\/\/klassiker-sportwagen.de\/?page_id=352","og_site_name":"KS Klassiker-Sportwagen","article_modified_time":"2025-07-18T12:01:22+00:00","twitter_card":"summary_large_image","twitter_misc":{"Gesch\u00e4tzte Lesezeit":"1\u00a0Minute"},"schema":{"@context":"https:\/\/schema.org","@graph":[{"@type":"WebPage","@id":"https:\/\/klassiker-sportwagen.de\/?page_id=352","url":"https:\/\/klassiker-sportwagen.de\/?page_id=352","name":"Anfahrt - KS Klassiker-Sportwagen","isPartOf":{"@id":"http:\/\/klassiker-sportwagen.de\/#website"},"datePublished":"2013-05-15T11:55:34+00:00","dateModified":"2025-07-18T12:01:22+00:00","breadcrumb":{"@id":"https:\/\/klassiker-sportwagen.de\/?page_id=352#breadcrumb"},"inLanguage":"de","potentialAction":[{"@type":"ReadAction","target":["https:\/\/klassiker-sportwagen.de\/?page_id=352"]}]},{"@type":"BreadcrumbList","@id":"https:\/\/klassiker-sportwagen.de\/?page_id=352#breadcrumb","itemListElement":[{"@type":"ListItem","position":1,"name":"Startseite","item":"http:\/\/klassiker-sportwagen.de\/"},{"@type":"ListItem","position":2,"name":"Anfahrt"}]},{"@type":"WebSite","@id":"http:\/\/klassiker-sportwagen.de\/#website","url":"http:\/\/klassiker-sportwagen.de\/","name":"KS Klassiker-Sportwagen","description":"Klassiker Sportwagen Bad H\u00f6nningen","publisher":{"@id":"http:\/\/klassiker-sportwagen.de\/#organization"},"potentialAction":[{"@type":"SearchAction","target":{"@type":"EntryPoint","urlTemplate":"http:\/\/klassiker-sportwagen.de\/?s={search_term_string}"},"query-input":{"@type":"PropertyValueSpecification","valueRequired":true,"valueName":"search_term_string"}}],"inLanguage":"de"},{"@type":"Organization","@id":"http:\/\/klassiker-sportwagen.de\/#organization","name":"KS Klassiker Sportwagen","url":"http:\/\/klassiker-sportwagen.de\/","logo":{"@type":"ImageObject","inLanguage":"de","@id":"http:\/\/klassiker-sportwagen.de\/#\/schema\/logo\/image\/","url":"http:\/\/klassiker-sportwagen.de\/wp-content\/uploads\/2013\/05\/Logo-2.png","contentUrl":"http:\/\/klassiker-sportwagen.de\/wp-content\/uploads\/2013\/05\/Logo-2.png","width":854,"height":289,"caption":"KS Klassiker Sportwagen"},"image":{"@id":"http:\/\/klassiker-sportwagen.de\/#\/schema\/logo\/image\/"}}]}},"_links":{"self":[{"href":"https:\/\/klassiker-sportwagen.de\/index.php?rest_route=\/wp\/v2\/pages\/352","targetHints":{"allow":["GET"]}}],"collection":[{"href":"https:\/\/klassiker-sportwagen.de\/index.php?rest_route=\/wp\/v2\/pages"}],"about":[{"href":"https:\/\/klassiker-sportwagen.de\/index.php?rest_route=\/wp\/v2\/types\/page"}],"author":[{"embeddable":true,"href":"https:\/\/klassiker-sportwagen.de\/index.php?rest_route=\/wp\/v2\/users\/1"}],"replies":[{"embeddable":true,"href":"https:\/\/klassiker-sportwagen.de\/index.php?rest_route=%2Fwp%2Fv2%2Fcomments&post=352"}],"version-history":[{"count":6,"href":"https:\/\/klassiker-sportwagen.de\/index.php?rest_route=\/wp\/v2\/pages\/352\/revisions"}],"predecessor-version":[{"id":5065,"href":"https:\/\/klassiker-sportwagen.de\/index.php?rest_route=\/wp\/v2\/pages\/352\/revisions\/5065"}],"wp:attachment":[{"href":"https:\/\/klassiker-sportwagen.de\/index.php?rest_route=%2Fwp%2Fv2%2Fmedia&parent=352"}],"curies":[{"name":"wp","href":"https:\/\/api.w.org\/{rel}","templated":true}]}}