{"id":482,"date":"2013-05-23T12:15:15","date_gmt":"2013-05-23T12:15:15","guid":{"rendered":"http:\/\/localhost\/whb\/?page_id=482"},"modified":"2025-11-19T20:54:31","modified_gmt":"2025-11-19T19:54:31","slug":"home-slider-3","status":"publish","type":"page","link":"https:\/\/klassiker-sportwagen.de\/","title":{"rendered":"Startseite"},"content":{"rendered":"<p><strong>1977<\/strong> mein erster Oldie<\/p>\n<p>N\u00e4chtelang mit meinem Freund geschraubt, aber es hat einen riesen Spa\u00df gemacht<\/p>\n<p>In den folgenden Jahren immer wieder neue Projekte als Ausgleich zu meiner anstrengenden hauptberuflichen T\u00e4tigkeit<\/p>\n<p>&nbsp;<\/p>\n<p><strong>2008<\/strong> Verkauf von meinem gro\u00dfen Handwerksbetrieb und Gr\u00fcndung der<\/p>\n<p>Fa. Klassiker Sportwagen, also mein Hobby zum Beruf gemacht.<\/p>\n<p>Was gibt es sch\u00f6neres<\/p>\n<p>&nbsp;<\/p>\n<p><strong>Von 2008 bis 2017<\/strong> oftmals 70 Stunden in der Woche gearbeitet, das muss nicht sein. Sehr viele Oldies bis zur letzten Schraube zerlegt und wieder zusammen geschraubt.<\/p>\n<h1><a href=\"http:\/\/alt.klassiker-sportwagen.de\" target=\"_blank\" rel=\"noopener noreferrer\"><span style=\"color: #0000ff;\">Unsere alte Homepage von 2008 bis 2017 finden Sie hier<\/span><\/a><\/h1>\n<p>&nbsp;<\/p>\n<p><strong>2017<\/strong> \/ Das Leben besteht nicht nur aus Arbeit<\/p>\n<p>&nbsp;<\/p>\n<p><strong>2018<\/strong> Fa. Klassiker Sportwagen bleibt bestehen.<\/p>\n<p>Aber ohne Nachtarbeit und Sonderschichten. Das hei\u00dft ohne Zeitdruck.<\/p>\n<p><strong>2022<\/strong> Verkauf der Immobilie. Ausstellung geschlossen. Werkstattbetrieb bleibt bestehen.<\/p>\n<p><span style=\"color: #ff0000;\">10 \/ 2025 Werkstattbetrieb eingestellt.<\/span><\/p>\n<p>&nbsp;<\/p>\n<p>&nbsp;<\/p>\n<h3><span style=\"color: #ff0000;\">Traumauto ist jetzt mein neues Aufgabengebiet.<\/span><\/h3>\n<p>Ich kenne den Markt, habe schon unz\u00e4hlige Oldies und Sportwagen f\u00fcr meine treuen Kunden auf Kommission verkauft und Weltweit beschafft.<\/p>\n<p>Das sch\u00f6ne, wenn man \u00e4lter ist muss man sich nichts mehr beweisen.<\/p>\n<p>Wenn Sie jetzt weiteres Interesse haben, bitte mein <strong><a href=\"http:\/\/neu.klassiker-sportwagen.de\/?page_id=2993\"><span style=\"color: #ff0000;\">Traumauto<\/span> <\/a><\/strong>anklicken<\/p>\n","protected":false},"excerpt":{"rendered":"<p>1977 mein erster Oldie N\u00e4chtelang mit meinem Freund geschraubt, aber es hat einen riesen Spa\u00df gemacht In den folgenden Jahren immer wieder neue Projekte als Ausgleich zu meiner anstrengenden hauptberuflichen T\u00e4tigkeit &nbsp; 2008 Verkauf von meinem gro\u00dfen Handwerksbetrieb und Gr\u00fcndung der Fa. Klassiker Sportwagen, also mein Hobby zum Beruf gemacht. Was gibt es sch\u00f6neres &nbsp; Von 2008 bis 2017 oftmals 70 Stunden in der Woche gearbeitet, das muss nicht sein. Sehr viele Oldies bis zur letzten Schraube zerlegt und wieder zusammen geschraubt. Unsere alte Homepage von 2008 bis 2017 finden Sie hier &nbsp; 2017 \/ Das Leben besteht nicht nur aus Arbeit &nbsp; 2018 Fa. Klassiker Sportwagen bleibt bestehen. Aber ohne Nachtarbeit und Sonderschichten. Das hei\u00dft ohne Zeitdruck. 2022 Verkauf der Immobilie. Ausstellung geschlossen. Werkstattbetrieb bleibt bestehen. 10 \/ 2025 Werkstattbetrieb eingestellt. &nbsp; &nbsp; Traumauto ist jetzt mein neues Aufgabengebiet. Ich kenne den Markt,&#8230;<\/p>\n","protected":false},"author":1,"featured_media":0,"parent":0,"menu_order":0,"comment_status":"open","ping_status":"open","template":"","meta":{"ngg_post_thumbnail":0,"footnotes":""},"class_list":["post-482","page","type-page","status-publish","hentry"],"yoast_head":"<!-- This site is optimized with the Yoast SEO plugin v26.8 - https:\/\/yoast.com\/product\/yoast-seo-wordpress\/ -->\n<title>Startseite - KS Klassiker-Sportwagen<\/title>\n<meta name=\"robots\" content=\"index, follow, max-snippet:-1, max-image-preview:large, max-video-preview:-1\" \/>\n<link rel=\"canonical\" href=\"http:\/\/klassiker-sportwagen.de\/\" \/>\n<meta property=\"og:locale\" content=\"de_DE\" \/>\n<meta property=\"og:type\" content=\"article\" \/>\n<meta property=\"og:title\" content=\"Startseite - KS Klassiker-Sportwagen\" \/>\n<meta property=\"og:description\" content=\"1977 mein erster Oldie N\u00e4chtelang mit meinem Freund geschraubt, aber es hat einen riesen Spa\u00df gemacht In den folgenden Jahren immer wieder neue Projekte als Ausgleich zu meiner anstrengenden hauptberuflichen T\u00e4tigkeit &nbsp; 2008 Verkauf von meinem gro\u00dfen Handwerksbetrieb und Gr\u00fcndung der Fa. Klassiker Sportwagen, also mein Hobby zum Beruf gemacht. Was gibt es sch\u00f6neres &nbsp; Von 2008 bis 2017 oftmals 70 Stunden in der Woche gearbeitet, das muss nicht sein. Sehr viele Oldies bis zur letzten Schraube zerlegt und wieder zusammen geschraubt. Unsere alte Homepage von 2008 bis 2017 finden Sie hier &nbsp; 2017 \/ Das Leben besteht nicht nur aus Arbeit &nbsp; 2018 Fa. Klassiker Sportwagen bleibt bestehen. Aber ohne Nachtarbeit und Sonderschichten. Das hei\u00dft ohne Zeitdruck. 2022 Verkauf der Immobilie. Ausstellung geschlossen. Werkstattbetrieb bleibt bestehen. 10 \/ 2025 Werkstattbetrieb eingestellt. &nbsp; &nbsp; Traumauto ist jetzt mein neues Aufgabengebiet. Ich kenne den Markt,...\" \/>\n<meta property=\"og:url\" content=\"http:\/\/klassiker-sportwagen.de\/\" \/>\n<meta property=\"og:site_name\" content=\"KS Klassiker-Sportwagen\" \/>\n<meta property=\"article:modified_time\" content=\"2025-11-19T19:54:31+00:00\" \/>\n<meta name=\"twitter:card\" content=\"summary_large_image\" \/>\n<meta name=\"twitter:label1\" content=\"Gesch\u00e4tzte Lesezeit\" \/>\n\t<meta name=\"twitter:data1\" content=\"2\u00a0Minuten\" \/>\n<script type=\"application\/ld+json\" class=\"yoast-schema-graph\">{\"@context\":\"https:\/\/schema.org\",\"@graph\":[{\"@type\":\"WebPage\",\"@id\":\"http:\/\/klassiker-sportwagen.de\/\",\"url\":\"http:\/\/klassiker-sportwagen.de\/\",\"name\":\"Startseite - KS Klassiker-Sportwagen\",\"isPartOf\":{\"@id\":\"http:\/\/klassiker-sportwagen.de\/#website\"},\"datePublished\":\"2013-05-23T12:15:15+00:00\",\"dateModified\":\"2025-11-19T19:54:31+00:00\",\"breadcrumb\":{\"@id\":\"http:\/\/klassiker-sportwagen.de\/#breadcrumb\"},\"inLanguage\":\"de\",\"potentialAction\":[{\"@type\":\"ReadAction\",\"target\":[\"http:\/\/klassiker-sportwagen.de\/\"]}]},{\"@type\":\"BreadcrumbList\",\"@id\":\"http:\/\/klassiker-sportwagen.de\/#breadcrumb\",\"itemListElement\":[{\"@type\":\"ListItem\",\"position\":1,\"name\":\"Startseite\",\"item\":\"http:\/\/klassiker-sportwagen.de\/\"},{\"@type\":\"ListItem\",\"position\":2,\"name\":\"Startseite\"}]},{\"@type\":\"WebSite\",\"@id\":\"http:\/\/klassiker-sportwagen.de\/#website\",\"url\":\"http:\/\/klassiker-sportwagen.de\/\",\"name\":\"KS Klassiker-Sportwagen\",\"description\":\"Klassiker Sportwagen Bad H\u00f6nningen\",\"publisher\":{\"@id\":\"http:\/\/klassiker-sportwagen.de\/#organization\"},\"potentialAction\":[{\"@type\":\"SearchAction\",\"target\":{\"@type\":\"EntryPoint\",\"urlTemplate\":\"http:\/\/klassiker-sportwagen.de\/?s={search_term_string}\"},\"query-input\":{\"@type\":\"PropertyValueSpecification\",\"valueRequired\":true,\"valueName\":\"search_term_string\"}}],\"inLanguage\":\"de\"},{\"@type\":\"Organization\",\"@id\":\"http:\/\/klassiker-sportwagen.de\/#organization\",\"name\":\"KS Klassiker Sportwagen\",\"url\":\"http:\/\/klassiker-sportwagen.de\/\",\"logo\":{\"@type\":\"ImageObject\",\"inLanguage\":\"de\",\"@id\":\"http:\/\/klassiker-sportwagen.de\/#\/schema\/logo\/image\/\",\"url\":\"http:\/\/klassiker-sportwagen.de\/wp-content\/uploads\/2013\/05\/Logo-2.png\",\"contentUrl\":\"http:\/\/klassiker-sportwagen.de\/wp-content\/uploads\/2013\/05\/Logo-2.png\",\"width\":854,\"height\":289,\"caption\":\"KS Klassiker Sportwagen\"},\"image\":{\"@id\":\"http:\/\/klassiker-sportwagen.de\/#\/schema\/logo\/image\/\"}}]}<\/script>\n<!-- \/ Yoast SEO plugin. -->","yoast_head_json":{"title":"Startseite - KS Klassiker-Sportwagen","robots":{"index":"index","follow":"follow","max-snippet":"max-snippet:-1","max-image-preview":"max-image-preview:large","max-video-preview":"max-video-preview:-1"},"canonical":"http:\/\/klassiker-sportwagen.de\/","og_locale":"de_DE","og_type":"article","og_title":"Startseite - KS Klassiker-Sportwagen","og_description":"1977 mein erster Oldie N\u00e4chtelang mit meinem Freund geschraubt, aber es hat einen riesen Spa\u00df gemacht In den folgenden Jahren immer wieder neue Projekte als Ausgleich zu meiner anstrengenden hauptberuflichen T\u00e4tigkeit &nbsp; 2008 Verkauf von meinem gro\u00dfen Handwerksbetrieb und Gr\u00fcndung der Fa. Klassiker Sportwagen, also mein Hobby zum Beruf gemacht. Was gibt es sch\u00f6neres &nbsp; Von 2008 bis 2017 oftmals 70 Stunden in der Woche gearbeitet, das muss nicht sein. Sehr viele Oldies bis zur letzten Schraube zerlegt und wieder zusammen geschraubt. Unsere alte Homepage von 2008 bis 2017 finden Sie hier &nbsp; 2017 \/ Das Leben besteht nicht nur aus Arbeit &nbsp; 2018 Fa. Klassiker Sportwagen bleibt bestehen. Aber ohne Nachtarbeit und Sonderschichten. Das hei\u00dft ohne Zeitdruck. 2022 Verkauf der Immobilie. Ausstellung geschlossen. Werkstattbetrieb bleibt bestehen. 10 \/ 2025 Werkstattbetrieb eingestellt. &nbsp; &nbsp; Traumauto ist jetzt mein neues Aufgabengebiet. Ich kenne den Markt,...","og_url":"http:\/\/klassiker-sportwagen.de\/","og_site_name":"KS Klassiker-Sportwagen","article_modified_time":"2025-11-19T19:54:31+00:00","twitter_card":"summary_large_image","twitter_misc":{"Gesch\u00e4tzte Lesezeit":"2\u00a0Minuten"},"schema":{"@context":"https:\/\/schema.org","@graph":[{"@type":"WebPage","@id":"http:\/\/klassiker-sportwagen.de\/","url":"http:\/\/klassiker-sportwagen.de\/","name":"Startseite - KS Klassiker-Sportwagen","isPartOf":{"@id":"http:\/\/klassiker-sportwagen.de\/#website"},"datePublished":"2013-05-23T12:15:15+00:00","dateModified":"2025-11-19T19:54:31+00:00","breadcrumb":{"@id":"http:\/\/klassiker-sportwagen.de\/#breadcrumb"},"inLanguage":"de","potentialAction":[{"@type":"ReadAction","target":["http:\/\/klassiker-sportwagen.de\/"]}]},{"@type":"BreadcrumbList","@id":"http:\/\/klassiker-sportwagen.de\/#breadcrumb","itemListElement":[{"@type":"ListItem","position":1,"name":"Startseite","item":"http:\/\/klassiker-sportwagen.de\/"},{"@type":"ListItem","position":2,"name":"Startseite"}]},{"@type":"WebSite","@id":"http:\/\/klassiker-sportwagen.de\/#website","url":"http:\/\/klassiker-sportwagen.de\/","name":"KS Klassiker-Sportwagen","description":"Klassiker Sportwagen Bad H\u00f6nningen","publisher":{"@id":"http:\/\/klassiker-sportwagen.de\/#organization"},"potentialAction":[{"@type":"SearchAction","target":{"@type":"EntryPoint","urlTemplate":"http:\/\/klassiker-sportwagen.de\/?s={search_term_string}"},"query-input":{"@type":"PropertyValueSpecification","valueRequired":true,"valueName":"search_term_string"}}],"inLanguage":"de"},{"@type":"Organization","@id":"http:\/\/klassiker-sportwagen.de\/#organization","name":"KS Klassiker Sportwagen","url":"http:\/\/klassiker-sportwagen.de\/","logo":{"@type":"ImageObject","inLanguage":"de","@id":"http:\/\/klassiker-sportwagen.de\/#\/schema\/logo\/image\/","url":"http:\/\/klassiker-sportwagen.de\/wp-content\/uploads\/2013\/05\/Logo-2.png","contentUrl":"http:\/\/klassiker-sportwagen.de\/wp-content\/uploads\/2013\/05\/Logo-2.png","width":854,"height":289,"caption":"KS Klassiker Sportwagen"},"image":{"@id":"http:\/\/klassiker-sportwagen.de\/#\/schema\/logo\/image\/"}}]}},"_links":{"self":[{"href":"https:\/\/klassiker-sportwagen.de\/index.php?rest_route=\/wp\/v2\/pages\/482","targetHints":{"allow":["GET"]}}],"collection":[{"href":"https:\/\/klassiker-sportwagen.de\/index.php?rest_route=\/wp\/v2\/pages"}],"about":[{"href":"https:\/\/klassiker-sportwagen.de\/index.php?rest_route=\/wp\/v2\/types\/page"}],"author":[{"embeddable":true,"href":"https:\/\/klassiker-sportwagen.de\/index.php?rest_route=\/wp\/v2\/users\/1"}],"replies":[{"embeddable":true,"href":"https:\/\/klassiker-sportwagen.de\/index.php?rest_route=%2Fwp%2Fv2%2Fcomments&post=482"}],"version-history":[{"count":28,"href":"https:\/\/klassiker-sportwagen.de\/index.php?rest_route=\/wp\/v2\/pages\/482\/revisions"}],"predecessor-version":[{"id":5069,"href":"https:\/\/klassiker-sportwagen.de\/index.php?rest_route=\/wp\/v2\/pages\/482\/revisions\/5069"}],"wp:attachment":[{"href":"https:\/\/klassiker-sportwagen.de\/index.php?rest_route=%2Fwp%2Fv2%2Fmedia&parent=482"}],"curies":[{"name":"wp","href":"https:\/\/api.w.org\/{rel}","templated":true}]}}